{"id":15590,"date":"2025-08-16T00:59:14","date_gmt":"2025-08-16T00:59:14","guid":{"rendered":"https:\/\/roilmey.medyaland.com.tr\/?page_id=15590"},"modified":"2025-08-16T00:59:15","modified_gmt":"2025-08-16T00:59:15","slug":"dosya-yukle","status":"publish","type":"page","link":"https:\/\/roilmey.medyaland.com.tr\/?page_id=15590","title":{"rendered":"Dosya Y\u00fckle"},"content":{"rendered":"\n<p><code>        <form class=\"roilmey-dfx-form\" method=\"post\" enctype=\"multipart\/form-data\">\n            <h3>DFX Dosyan\u0131z\u0131 Y\u00fckleyin<\/h3>\n            <p class=\"desc\">L\u00fctfen bilgilerinizi doldurun ve DFX dosyan\u0131z\u0131 ekleyin.<\/p>\n            <div class=\"grid\">\n                <label>\n                    <span>\u0130sim<\/span>\n                    <input type=\"text\" name=\"roilmey_first_name\" required>\n                <\/label>\n                <label>\n                    <span>Soyisim<\/span>\n                    <input type=\"text\" name=\"roilmey_last_name\" required>\n                <\/label>\n                <label>\n                    <span>E-posta<\/span>\n                    <input type=\"email\" name=\"roilmey_email\" required>\n                <\/label>\n                <label>\n                    <span>Cep Telefonu<\/span>\n                    <input type=\"tel\" name=\"roilmey_phone\" required pattern=\"[\\d\\s\\+\\-]{6,}\">\n                <\/label>\n            <\/div>\n            <label class=\"full\">\n                <span>Mesaj\u0131n\u0131z<\/span>\n                <textarea name=\"roilmey_message\" rows=\"4\" placeholder=\"Projenizden k\u0131saca bahsedin\u2026\"><\/textarea>\n            <\/label>\n            <label class=\"full file\">\n                <span>DFX Dosyas\u0131<\/span>\n                <input type=\"file\" name=\"roilmey_dxf\" accept=\".dxf\" required>\n                <small>Yaln\u0131zca .dxf dosyalar\u0131<\/small>\n            <\/label>\n\n            <input type=\"hidden\" id=\"roilmey_dfx_nonce\" name=\"roilmey_dfx_nonce\" value=\"e2970ef663\" \/><input type=\"hidden\" name=\"_wp_http_referer\" value=\"\/index.php?rest_route=%2Fwp%2Fv2%2Fpages%2F15590\" \/>            <input type=\"hidden\" name=\"roilmey_dfx_submit\" value=\"1\">\n            <button type=\"submit\" class=\"btn-primary\">G\u00f6nder<\/button>\n        <\/form>\n        <\/code><br><\/p>\n","protected":false},"excerpt":{"rendered":"","protected":false},"author":1,"featured_media":0,"parent":0,"menu_order":0,"comment_status":"closed","ping_status":"closed","template":"","meta":{"footnotes":""},"class_list":["post-15590","page","type-page","status-publish","hentry"],"jetpack_sharing_enabled":true,"_links":{"self":[{"href":"https:\/\/roilmey.medyaland.com.tr\/index.php?rest_route=\/wp\/v2\/pages\/15590","targetHints":{"allow":["GET"]}}],"collection":[{"href":"https:\/\/roilmey.medyaland.com.tr\/index.php?rest_route=\/wp\/v2\/pages"}],"about":[{"href":"https:\/\/roilmey.medyaland.com.tr\/index.php?rest_route=\/wp\/v2\/types\/page"}],"author":[{"embeddable":true,"href":"https:\/\/roilmey.medyaland.com.tr\/index.php?rest_route=\/wp\/v2\/users\/1"}],"replies":[{"embeddable":true,"href":"https:\/\/roilmey.medyaland.com.tr\/index.php?rest_route=%2Fwp%2Fv2%2Fcomments&post=15590"}],"version-history":[{"count":1,"href":"https:\/\/roilmey.medyaland.com.tr\/index.php?rest_route=\/wp\/v2\/pages\/15590\/revisions"}],"predecessor-version":[{"id":15591,"href":"https:\/\/roilmey.medyaland.com.tr\/index.php?rest_route=\/wp\/v2\/pages\/15590\/revisions\/15591"}],"wp:attachment":[{"href":"https:\/\/roilmey.medyaland.com.tr\/index.php?rest_route=%2Fwp%2Fv2%2Fmedia&parent=15590"}],"curies":[{"name":"wp","href":"https:\/\/api.w.org\/{rel}","templated":true}]}}